{"id":85,"date":"2023-07-19T23:24:06","date_gmt":"2023-07-20T02:24:06","guid":{"rendered":"https:\/\/portfolio.cybertronicsolutions.com\/?page_id=85"},"modified":"2023-07-23T10:15:33","modified_gmt":"2023-07-23T13:15:33","slug":"my-education-background","status":"publish","type":"page","link":"https:\/\/portfolio.cybertronicsolutions.com\/index.php\/my-education-background\/","title":{"rendered":"My Education Background"},"content":{"rendered":"\t\t<div data-elementor-type=\"wp-page\" data-elementor-id=\"85\" class=\"elementor elementor-85\">\n\t\t\t\t\t\t\t\t\t<section class=\"elementor-section elementor-top-section elementor-element elementor-element-6d25264 elementor-section-boxed elementor-section-height-default elementor-section-height-default\" data-id=\"6d25264\" data-element_type=\"section\">\n\t\t\t\t\t\t<div class=\"elementor-container elementor-column-gap-default\">\n\t\t\t\t\t<div class=\"elementor-column elementor-col-100 elementor-top-column elementor-element elementor-element-701030b\" data-id=\"701030b\" data-element_type=\"column\">\n\t\t\t<div class=\"elementor-widget-wrap elementor-element-populated\">\n\t\t\t\t\t\t\t\t<div class=\"elementor-element elementor-element-cf500ed elementor-widget elementor-widget-html\" data-id=\"cf500ed\" data-element_type=\"widget\" data-widget_type=\"html.default\">\n\t\t\t\t<div class=\"elementor-widget-container\">\n\t\t\t<!DOCTYPE html>\r\n<html lang=\"en\">\r\n<head>\r\n  <meta charset=\"UTF-8\">\r\n  <meta name=\"viewport\" content=\"width=device-width, initial-scale=1.0\">\r\n  <title>Bot\u00f5es Bonitos<\/title>\r\n  <style>\r\n    body {\r\n      display: flex;\r\n      flex-wrap: wrap;\r\n      justify-content: center;\r\n      align-items: center;\r\n      min-height: 100vh;\r\n      background-color: #f0f0f0;\r\n      font-family: Arial, sans-serif;\r\n    }\r\n\r\n    .button-container {\r\n      display: grid;\r\n      grid-template-columns: repeat(auto-fit, minmax(300px, 1fr));\r\n      gap: 20px;\r\n    }\r\n\r\n    .button {\r\n      position: relative;\r\n      display: flex;\r\n      justify-content: center;\r\n      align-items: center;\r\n      padding: 15px 30px;\r\n      border-radius: 50px;\r\n      background-color: #3498db;\r\n      color: #ffffff;\r\n      text-decoration: none;\r\n      font-size: 18px;\r\n      transition: background-color 0.3s ease;\r\n      box-shadow: 0 8px 16px rgba(0, 0, 0, 0.1);\r\n      overflow: hidden;\r\n      text-overflow: ellipsis;\r\n      white-space: nowrap;\r\n      height: 40px;\r\n    }\r\n\r\n    .button:hover {\r\n      background-color: #2980b9;\r\n    }\r\n\r\n    \/* Adicionar anima\u00e7\u00e3o de painel letreiro *\/\r\n    @keyframes marqueeText {\r\n      0% {\r\n        transform: translateX(100%);\r\n      }\r\n      100% {\r\n        transform: translateX(-100%);\r\n      }\r\n    }\r\n\r\n    .button-text {\r\n      animation: none; \/* Remover a anima\u00e7\u00e3o padr\u00e3o *\/\r\n      white-space: nowrap;\r\n      text-align: left;\r\n    }\r\n\r\n    \/* Adicionar a anima\u00e7\u00e3o quando o mouse estiver sobre o bot\u00e3o *\/\r\n    .button:hover .button-text {\r\n      animation: marqueeText 10s linear infinite;\r\n    }\r\n  <\/style>\r\n<\/head>\r\n<body>\r\n  <div class=\"button-container\">\r\n    <a href=\"https:\/\/www.linkedin.com\/in\/saulooliveira21\/details\/education\/1635534337955\/single-media-viewer\/?profileId=ACoAADIttvwB821Pat1cjDC4Cr5jqFTB8b4daaQ\" class=\"button\" id=\"button1\">\r\n      <span class=\"button-text\">FACULDADE CAT\u00d3LICA PAULISTA<\/span>\r\n    <\/a>\r\n    <a href=\"https:\/\/www.linkedin.com\/in\/saulooliveira21\/details\/education\/1635526902374\/single-media-viewer\/?profileId=ACoAADIttvwB821Pat1cjDC4Cr5jqFTB8b4daaQ\" class=\"button\" id=\"button2\">\r\n      <span class=\"button-text\">FACULDADE SENAI FATESG<\/span>\r\n    <\/a>\r\n    <a href=\"https:\/\/www.linkedin.com\/in\/saulooliveira21\/details\/education\/1635526904153\/single-media-viewer\/?profileId=ACoAADIttvwB821Pat1cjDC4Cr5jqFTB8b4daaQ\" class=\"button\" id=\"button3\">\r\n      <span class=\"button-text\">CENTRO TECNICO EUROPEO DE ENSE\u00d1ANZAS PROFESIONALES, S.L.<\/span>\r\n    <\/a>\r\n    <a href=\"https:\/\/www.linkedin.com\/in\/saulooliveira21\/overlay\/1635458952946\/single-media-viewer\/?profileId=ACoAADIttvwB821Pat1cjDC4Cr5jqFTB8b4daaQ\" class=\"button\" id=\"button4\">\r\n      <span class=\"button-text\">Carta de Referencia<\/span>\r\n    <\/a>\r\n    <a href=\"https:\/\/www.linkedin.com\/in\/saulooliveira21\/details\/education\/1635526903383\/single-media-viewer\/?profileId=ACoAADIttvwB821Pat1cjDC4Cr5jqFTB8b4daaQ\" class=\"button\" id=\"button5\">\r\n      <span class=\"button-text\">Certificaci\u00f3n T\u00e9cnica ICIP<\/span>\r\n    <\/a>\r\n    <a href=\"https:\/\/www.linkedin.com\/in\/saulooliveira21\/details\/education\/1635526901693\/single-media-viewer\/?profileId=ACoAADIttvwB821Pat1cjDC4Cr5jqFTB8b4daaQ\" class=\"button\" id=\"button6\">\r\n      <span class=\"button-text\">Certificaci\u00f3n Especialista en Sistema de Seguridad IP<\/span>\r\n    <\/a>\r\n    <a href=\"https:\/\/www.linkedin.com\/in\/saulooliveira21\/details\/education\/1635526901559\/single-media-viewer\/?profileId=ACoAADIttvwB821Pat1cjDC4Cr5jqFTB8b4daaQ\" class=\"button\" id=\"button7\">\r\n      <span class=\"button-text\">Certificaci\u00f3n de Redes Outdoor, WAN, LAN y WIFI<\/span>\r\n    <\/a>\r\n    <a href=\"https:\/\/www.linkedin.com\/in\/saulooliveira21\/details\/education\/1635526906286\/single-media-viewer\/?profileId=ACoAADIttvwB821Pat1cjDC4Cr5jqFTB8b4daaQ\" class=\"button\" id=\"button8\">\r\n      <span class=\"button-text\">Cerficaci\u00f3n de Montaje y Mantenimiento<\/span>\r\n    <\/a>\r\n    <a href=\"https:\/\/www.linkedin.com\/in\/saulooliveira21\/details\/education\/1635526903679\/single-media-viewer\/?profileId=ACoAADIttvwB821Pat1cjDC4Cr5jqFTB8b4daaQ\" class=\"button\" id=\"button9\">\r\n      <span class=\"button-text\">Certificaci\u00f3n de Mejora Profesional en Linux<\/span>\r\n    <\/a>\r\n    <a href=\"https:\/\/www.linkedin.com\/in\/saulooliveira21\/details\/education\/1635526901786\/single-media-viewer\/?profileId=ACoAADIttvwB821Pat1cjDC4Cr5jqFTB8b4daaQ\" class=\"button\" id=\"button10\">\r\n      <span class=\"button-text\">CCNA<\/span>\r\n    <\/a>\r\n    <a href=\"https:\/\/www.linkedin.com\/in\/saulooliveira21\/details\/education\/1635526905278\/single-media-viewer\/?profileId=ACoAADIttvwB821Pat1cjDC4Cr5jqFTB8b4daaQ\" class=\"button\" id=\"button11\">\r\n      <span class=\"button-text\">Tecnolog\u00eda Aplicada en el Mundo Laboral<\/span>\r\n    <\/a>\r\n    <a href=\"https:\/\/www.linkedin.com\/in\/saulooliveira21\/details\/education\/1635526901761\/single-media-viewer\/?profileId=ACoAADIttvwB821Pat1cjDC4Cr5jqFTB8b4daaQ\" class=\"button\" id=\"button12\">\r\n      <span class=\"button-text\">Certificaci\u00f3n en Medio Ambiente<\/span>\r\n    <\/a>\r\n    <a href=\"https:\/\/www.linkedin.com\/in\/saulooliveira21\/details\/education\/1635526902426\/single-media-viewer\/?profileId=ACoAADIttvwB821Pat1cjDC4Cr5jqFTB8b4daaQ\" class=\"button\" id=\"button13\">\r\n      <span class=\"button-text\">Certificaci\u00f3n en Centralitas<\/span>\r\n    <\/a>\r\n    <a href=\"https:\/\/www.linkedin.com\/in\/saulooliveira21\/details\/education\/1635526903593\/single-media-viewer\/?profileId=ACoAADIttvwB821Pat1cjDC4Cr5jqFTB8b4daaQ\" class=\"button\" id=\"button14\">\r\n      <span class=\"button-text\">Certificaci\u00f3n en Electricidad y Instalador Predial<\/span>\r\n    <\/a>\r\n    <a href=\"https:\/\/www.linkedin.com\/in\/saulooliveira21\/details\/education\/1635526906132\/single-media-viewer\/?profileId=ACoAADIttvwB821Pat1cjDC4Cr5jqFTB8b4daaQ\" class=\"button\" id=\"button15\">\r\n      <span class=\"button-text\">Certificaci\u00f3n en Sistema CCTV<\/span>\r\n    <\/a>\r\n    <a href=\"https:\/\/www.linkedin.com\/in\/saulooliveira21\/details\/education\/1635526906114\/single-media-viewer\/?profileId=ACoAADIttvwB821Pat1cjDC4Cr5jqFTB8b4daaQ\" class=\"button\" id=\"button16\">\r\n      <span class=\"button-text\">Certificado de Atenci\u00f3n al Cliente<\/span>\r\n    <\/a>\r\n    <a href=\"https:\/\/www.linkedin.com\/in\/saulooliveira21\/details\/education\/1635526903499\/single-media-viewer\/?profileId=ACoAADIttvwB821Pat1cjDC4Cr5jqFTB8b4daaQ\" class=\"button\" id=\"button17\">\r\n      <span class=\"button-text\">Certificaci\u00f3n de Equipos de Seguridad Electr\u00f3nica<\/span>\r\n    <\/a>\r\n    <a href=\"https:\/\/www.linkedin.com\/in\/saulooliveira21\/details\/education\/1635526900670\/single-media-viewer\/?profileId=ACoAADIttvwB821Pat1cjDC4Cr5jqFTB8b4daaQ\" class=\"button\" id=\"button18\">\r\n      <span class=\"button-text\">Trabajo en alturas<\/span>\r\n    <\/a>\r\n    <a href=\"https:\/\/www.linkedin.com\/in\/saulooliveira21\/details\/education\/1635526902426\/single-media-viewer\/?profileId=ACoAADIttvwB821Pat1cjDC4Cr5jqFTB8b4daaQ\" class=\"button\" id=\"button19\">\r\n      <span class=\"button-text\">Instalaci\u00f3n y configuraci\u00f3n Centralita telef\u00f3nica anal\u00f3gica<\/span>\r\n    <\/a>\r\n  <\/div>\r\n<\/body>\r\n<\/html>\r\n\t\t<\/div>\n\t\t\t\t<\/div>\n\t\t\t\t\t<\/div>\n\t\t<\/div>\n\t\t\t\t\t\t\t<\/div>\n\t\t<\/section>\n\t\t\t\t<section class=\"elementor-section elementor-top-section elementor-element elementor-element-2193e1e elementor-section-boxed elementor-section-height-default elementor-section-height-default\" data-id=\"2193e1e\" data-element_type=\"section\">\n\t\t\t\t\t\t<div class=\"elementor-container elementor-column-gap-default\">\n\t\t\t\t\t<div class=\"elementor-column elementor-col-100 elementor-top-column elementor-element elementor-element-2b3b9f9\" data-id=\"2b3b9f9\" data-element_type=\"column\">\n\t\t\t<div class=\"elementor-widget-wrap elementor-element-populated\">\n\t\t\t\t\t\t\t\t\t<\/div>\n\t\t<\/div>\n\t\t\t\t\t\t\t<\/div>\n\t\t<\/section>\n\t\t\t\t\t\t\t<\/div>\n\t\t","protected":false},"excerpt":{"rendered":"<p>Bot\u00f5es Bonitos FACULDADE CAT\u00d3LICA PAULISTA FACULDADE SENAI FATESG CENTRO TECNICO EUROPEO DE ENSE\u00d1ANZAS PROFESIONALES, S.L. Carta de Referencia Certificaci\u00f3n T\u00e9cnica ICIP Certificaci\u00f3n Especialista en Sistema de Seguridad IP Certificaci\u00f3n de Redes Outdoor, WAN, LAN y WIFI Cerficaci\u00f3n de Montaje y Mantenimiento Certificaci\u00f3n de Mejora Profesional en Linux CCNA Tecnolog\u00eda Aplicada en el Mundo Laboral Certificaci\u00f3n<\/p>\n<div class=\"more-link\">\n\t\t\t\t <a href=\"https:\/\/portfolio.cybertronicsolutions.com\/index.php\/my-education-background\/\" class=\"link-btn theme-btn\"><span>Read More <\/span> <i class=\"fa fa-caret-right\"><\/i><\/a>\n\t\t\t<\/div>\n","protected":false},"author":1,"featured_media":0,"parent":0,"menu_order":3,"comment_status":"closed","ping_status":"closed","template":"","meta":[],"aioseo_notices":[],"_links":{"self":[{"href":"https:\/\/portfolio.cybertronicsolutions.com\/index.php\/wp-json\/wp\/v2\/pages\/85"}],"collection":[{"href":"https:\/\/portfolio.cybertronicsolutions.com\/index.php\/wp-json\/wp\/v2\/pages"}],"about":[{"href":"https:\/\/portfolio.cybertronicsolutions.com\/index.php\/wp-json\/wp\/v2\/types\/page"}],"author":[{"embeddable":true,"href":"https:\/\/portfolio.cybertronicsolutions.com\/index.php\/wp-json\/wp\/v2\/users\/1"}],"replies":[{"embeddable":true,"href":"https:\/\/portfolio.cybertronicsolutions.com\/index.php\/wp-json\/wp\/v2\/comments?post=85"}],"version-history":[{"count":76,"href":"https:\/\/portfolio.cybertronicsolutions.com\/index.php\/wp-json\/wp\/v2\/pages\/85\/revisions"}],"predecessor-version":[{"id":191,"href":"https:\/\/portfolio.cybertronicsolutions.com\/index.php\/wp-json\/wp\/v2\/pages\/85\/revisions\/191"}],"wp:attachment":[{"href":"https:\/\/portfolio.cybertronicsolutions.com\/index.php\/wp-json\/wp\/v2\/media?parent=85"}],"curies":[{"name":"wp","href":"https:\/\/api.w.org\/{rel}","templated":true}]}}